{"id":623,"date":"2023-02-28T18:31:22","date_gmt":"2023-02-28T17:31:22","guid":{"rendered":"https:\/\/excavacionsrr.com\/gestio-abocadors\/"},"modified":"2023-10-19T20:58:57","modified_gmt":"2023-10-19T18:58:57","slug":"gestion-vertederos","status":"publish","type":"page","link":"https:\/\/excavacionsrr.com\/es\/gestion-vertederos\/","title":{"rendered":"Gesti\u00f3n de vertederos"},"content":{"rendered":"<div class=\"wpb-content-wrapper\">[vc_row full_width=\u00bbstretch_row\u00bb column_spacing=\u00bb0px\u00bb remove_bottom_col_margin=\u00bbtrue\u00bb typography_style=\u00bblight\u00bb bg_style=\u00bbstretch\u00bb style=\u00bblight\u00bb no_margins=\u00bbtrue\u00bb css=\u00bb.vc_custom_1651550166879{padding-top: 140px !important;padding-bottom: 140px !important;background-image: url(http:\/\/excavacionsrr.com\/wp-content\/uploads\/2018\/12\/5d.jpg?id=102) !important;background-position: center !important;background-repeat: no-repeat !important;background-size: cover !important;}\u00bb][vc_column]<style>.vcex-heading.vcex_69f35d95a102b{color:#ffffff;font-size:36px;font-weight:700;}<\/style><h1 class=\"vcex-heading vcex-heading-plain vcex-module wpex-heading wpex-text-2xl wpex-text-center vcex_69f35d95a102b\"><span class=\"vcex-heading-inner wpex-inline-block\">GESTI\u00d3N DE VERTEDEROS<\/span><\/h1><div class=\"vcex-spacing wpex-w-100 wpex-clear\" style=\"height:10px;\"><\/div>[\/vc_column][\/vc_row][vc_row column_spacing=\u00bb40&#8243; css=\u00bb.vc_custom_1677601624120{padding-top: 70px !important;}\u00bb][vc_column width=\u00bb1\/2&#8243;][vc_column_text]<span class=\"jCAhz ChMk0b\"><span class=\"ryNqvb\">Ya hace a\u00f1os que una de nuestras principales actividades se basa en la gesti\u00f3n de varios vertederos de toda Catalu\u00f1a.<\/span><\/span> <span class=\"jCAhz ChMk0b\"><span class=\"ryNqvb\">Las funciones que se realizan son la explotaci\u00f3n del interior del vertedero, desde hacer el vaso hasta la cubierta de los desechos con suelos.<\/span><\/span>[\/vc_column_text][\/vc_column][vc_column width=\u00bb1\/2&#8243;][vc_column_text]Actualmente estamos gestionando los Vertederos de Pujalt, Vacarisses y Montferrer, y en breve empezaremos la gesti\u00f3n de otros dos vertederos, uno situado en la provincia de Tarragona y otro en la provincia de L\u00e9rida.[\/vc_column_text][\/vc_column][\/vc_row][vc_row css=\u00bb.vc_custom_1489882765617{padding-top: 20px !important;padding-bottom: 20px !important;}\u00bb][vc_column]<div class=\"vcex-spacing wpex-w-100 wpex-clear\" style=\"height:60px;\"><\/div><div class=\"vcex-image-grid-wrap\"><div class=\"vcex-module vcex-image-grid grid-style-default wpex-row wpex-clr wpex-lightbox-group\"><div class=\"id-564 vcex-image-grid-entry vcex-grid-item wpex-text-center span_1_of_3 col col-1\"><figure class=\"vcex-image-grid-entry-figure wpex-last-mb-0 wpex-clr\"><div class=\"vcex-image-grid-entry-img entry-media wpex-relative overlay-parent overlay-parent-magnifying-hover overlay-h wpex-overflow-hidden overlay-ms wpex-mb-20\"><a href=\"https:\/\/excavacionsrr.com\/wp-content\/uploads\/2023\/02\/abo1.jpg\" class=\"vcex-image-grid-entry-link wpex-lightbox-group-item\" ><img loading=\"lazy\" class=\"wpex-align-middle\" decoding=\"async\" src=\"https:\/\/excavacionsrr.com\/wp-content\/uploads\/2023\/02\/abo1-650x500.jpg\" alt=\"\" width=\"650\" height=\"500\">\n<div class=\"magnifying-hover theme-overlay overlay-hide wpex-absolute wpex-inset-0 wpex-transition-all wpex-duration-300 wpex-text-white wpex-text-2xl wpex-flex wpex-items-center wpex-justify-center\" aria-hidden=\"true\">\n\t<span class=\"overlay-bg wpex-bg-black wpex-block wpex-absolute wpex-inset-0 wpex-opacity-60\"><\/span>\n\t<span class=\"wpex-relative wpex-icon\" aria-hidden=\"true\"><svg xmlns=\"http:\/\/www.w3.org\/2000\/svg\" viewBox=\"0 0 512 512\"><path d=\"M416 208c0 45.9-14.9 88.3-40 122.7L502.6 457.4c12.5 12.5 12.5 32.8 0 45.3s-32.8 12.5-45.3 0L330.7 376c-34.4 25.2-76.8 40-122.7 40C93.1 416 0 322.9 0 208S93.1 0 208 0S416 93.1 416 208zM208 352a144 144 0 1 0 0-288 144 144 0 1 0 0 288z\"\/><\/svg><\/span><\/div>\n<\/a><\/div><\/figure><\/div><div class=\"id-565 vcex-image-grid-entry vcex-grid-item wpex-text-center span_1_of_3 col col-2\"><figure class=\"vcex-image-grid-entry-figure wpex-last-mb-0 wpex-clr\"><div class=\"vcex-image-grid-entry-img entry-media wpex-relative overlay-parent overlay-parent-magnifying-hover overlay-h wpex-overflow-hidden overlay-ms wpex-mb-20\"><a href=\"https:\/\/excavacionsrr.com\/wp-content\/uploads\/2023\/02\/abo2-scaled-1500x1125.jpg\" class=\"vcex-image-grid-entry-link wpex-lightbox-group-item\" ><img loading=\"lazy\" class=\"wpex-align-middle\" decoding=\"async\" src=\"https:\/\/excavacionsrr.com\/wp-content\/uploads\/2023\/02\/abo2-scaled-650x500.jpg\" alt=\"\" srcset=\"https:\/\/excavacionsrr.com\/wp-content\/uploads\/2023\/02\/abo2-scaled-650x500.jpg 650w, https:\/\/excavacionsrr.com\/wp-content\/uploads\/2023\/02\/abo2-scaled-650x500@2x.jpg 1300w, https:\/\/excavacionsrr.com\/wp-content\/uploads\/2023\/02\/abo2-scaled-650x500@2x.jpg 2x\" width=\"650\" height=\"500\">\n<div class=\"magnifying-hover theme-overlay overlay-hide wpex-absolute wpex-inset-0 wpex-transition-all wpex-duration-300 wpex-text-white wpex-text-2xl wpex-flex wpex-items-center wpex-justify-center\" aria-hidden=\"true\">\n\t<span class=\"overlay-bg wpex-bg-black wpex-block wpex-absolute wpex-inset-0 wpex-opacity-60\"><\/span>\n\t<span class=\"wpex-relative wpex-icon\" aria-hidden=\"true\"><svg xmlns=\"http:\/\/www.w3.org\/2000\/svg\" viewBox=\"0 0 512 512\"><path d=\"M416 208c0 45.9-14.9 88.3-40 122.7L502.6 457.4c12.5 12.5 12.5 32.8 0 45.3s-32.8 12.5-45.3 0L330.7 376c-34.4 25.2-76.8 40-122.7 40C93.1 416 0 322.9 0 208S93.1 0 208 0S416 93.1 416 208zM208 352a144 144 0 1 0 0-288 144 144 0 1 0 0 288z\"\/><\/svg><\/span><\/div>\n<\/a><\/div><\/figure><\/div><div class=\"id-566 vcex-image-grid-entry vcex-grid-item wpex-text-center span_1_of_3 col col-3\"><figure class=\"vcex-image-grid-entry-figure wpex-last-mb-0 wpex-clr\"><div class=\"vcex-image-grid-entry-img entry-media wpex-relative overlay-parent overlay-parent-magnifying-hover overlay-h wpex-overflow-hidden overlay-ms wpex-mb-20\"><a href=\"https:\/\/excavacionsrr.com\/wp-content\/uploads\/2023\/02\/abo3-1500x1125.jpg\" class=\"vcex-image-grid-entry-link wpex-lightbox-group-item\" ><img loading=\"lazy\" class=\"wpex-align-middle\" decoding=\"async\" src=\"https:\/\/excavacionsrr.com\/wp-content\/uploads\/2023\/02\/abo3-650x500.jpg\" alt=\"\" srcset=\"https:\/\/excavacionsrr.com\/wp-content\/uploads\/2023\/02\/abo3-650x500.jpg 650w, https:\/\/excavacionsrr.com\/wp-content\/uploads\/2023\/02\/abo3-650x500@2x.jpg 1300w, https:\/\/excavacionsrr.com\/wp-content\/uploads\/2023\/02\/abo3-650x500@2x.jpg 2x\" width=\"650\" height=\"500\">\n<div class=\"magnifying-hover theme-overlay overlay-hide wpex-absolute wpex-inset-0 wpex-transition-all wpex-duration-300 wpex-text-white wpex-text-2xl wpex-flex wpex-items-center wpex-justify-center\" aria-hidden=\"true\">\n\t<span class=\"overlay-bg wpex-bg-black wpex-block wpex-absolute wpex-inset-0 wpex-opacity-60\"><\/span>\n\t<span class=\"wpex-relative wpex-icon\" aria-hidden=\"true\"><svg xmlns=\"http:\/\/www.w3.org\/2000\/svg\" viewBox=\"0 0 512 512\"><path d=\"M416 208c0 45.9-14.9 88.3-40 122.7L502.6 457.4c12.5 12.5 12.5 32.8 0 45.3s-32.8 12.5-45.3 0L330.7 376c-34.4 25.2-76.8 40-122.7 40C93.1 416 0 322.9 0 208S93.1 0 208 0S416 93.1 416 208zM208 352a144 144 0 1 0 0-288 144 144 0 1 0 0 288z\"\/><\/svg><\/span><\/div>\n<\/a><\/div><\/figure><\/div><\/div><\/div>[\/vc_column][\/vc_row]\n<\/div>","protected":false},"excerpt":{"rendered":"<p>[vc_row full_width=\u00bbstretch_row\u00bb column_spacing=\u00bb0px\u00bb remove_bottom_col_margin=\u00bbtrue\u00bb typography_style=\u00bblight\u00bb bg_style=\u00bbstretch\u00bb style=\u00bblight\u00bb no_margins=\u00bbtrue\u00bb css=\u00bb.vc_custom_1651550166879{padding-top: 140px !important;padding-bottom: 140px !important;background-image: url(http:\/\/excavacionsrr.com\/wp-content\/uploads\/2018\/12\/5d.jpg?id=102) !important;background-position: center !important;background-repeat: no-repeat !important;background-size: cover !important;}\u00bb][vc_column][\/vc_column][\/vc_row][vc_row column_spacing=\u00bb40&#8243; css=\u00bb.vc_custom_1677601624120{padding-top: 70px !important;}\u00bb][vc_column width=\u00bb1\/2&#8243;][vc_column_text]Ya hace a\u00f1os que una de nuestras principales actividades se basa en la gesti\u00f3n de varios vertederos de toda Catalu\u00f1a. Las funciones que se realizan son la explotaci\u00f3n del interior&hellip;<\/p>\n","protected":false},"author":1,"featured_media":0,"parent":0,"menu_order":8,"comment_status":"closed","ping_status":"closed","template":"","meta":{"footnotes":""},"class_list":["post-623","page","type-page","status-publish","hentry","entry","no-media"],"_links":{"self":[{"href":"https:\/\/excavacionsrr.com\/es\/wp-json\/wp\/v2\/pages\/623","targetHints":{"allow":["GET"]}}],"collection":[{"href":"https:\/\/excavacionsrr.com\/es\/wp-json\/wp\/v2\/pages"}],"about":[{"href":"https:\/\/excavacionsrr.com\/es\/wp-json\/wp\/v2\/types\/page"}],"author":[{"embeddable":true,"href":"https:\/\/excavacionsrr.com\/es\/wp-json\/wp\/v2\/users\/1"}],"replies":[{"embeddable":true,"href":"https:\/\/excavacionsrr.com\/es\/wp-json\/wp\/v2\/comments?post=623"}],"version-history":[{"count":2,"href":"https:\/\/excavacionsrr.com\/es\/wp-json\/wp\/v2\/pages\/623\/revisions"}],"predecessor-version":[{"id":625,"href":"https:\/\/excavacionsrr.com\/es\/wp-json\/wp\/v2\/pages\/623\/revisions\/625"}],"wp:attachment":[{"href":"https:\/\/excavacionsrr.com\/es\/wp-json\/wp\/v2\/media?parent=623"}],"curies":[{"name":"wp","href":"https:\/\/api.w.org\/{rel}","templated":true}]}}