{"id":617,"date":"2023-02-28T12:54:29","date_gmt":"2023-02-28T11:54:29","guid":{"rendered":"https:\/\/excavacionsrr.com\/historia\/"},"modified":"2023-10-19T20:48:04","modified_gmt":"2023-10-19T18:48:04","slug":"historia","status":"publish","type":"page","link":"https:\/\/excavacionsrr.com\/es\/historia\/","title":{"rendered":"Historia"},"content":{"rendered":"<div class=\"wpb-content-wrapper\">[vc_row full_width=\u00bbstretch_row\u00bb parallax=\u00bbcontent-moving\u00bb wpex_bg_overlay=\u00bbcolor\u00bb typography_style=\u00bblight\u00bb bg_style=\u00bbstretch\u00bb css=\u00bb.vc_custom_1677603527095{padding-top: 130px !important;padding-bottom: 100px !important;background: #0a0a0a url(https:\/\/excavacionsrr.com\/wp-content\/uploads\/2023\/02\/caps1.jpg?id=377);}\u00bb wpex_bg_overlay_opacity=\u00bb0.3&#8243;][vc_column]<style>.vcex-heading.vcex_69f4a9ea99f8e{color:#ffffff;font-size:36px;}<\/style><h1 class=\"vcex-heading vcex-heading-plain vcex-module wpex-heading wpex-text-2xl wpex-text-center vcex_69f4a9ea99f8e\"><span class=\"vcex-heading-inner wpex-inline-block\">HISTORIA<\/span><\/h1><div class=\"vcex-spacing wpex-w-100 wpex-clear\"><\/div>[\/vc_column][\/vc_row][vc_row full_width=\u00bbstretch_row\u00bb css=\u00bb.vc_custom_1489611246294{padding-top: 60px !important;padding-bottom: 50px !important;background-color: #efefef !important;}\u00bb][vc_column width=\u00bb1\/2&#8243;][vc_column_text font_size=\u00bblg\u00bb]\n<p style=\"text-align: center;\"><span class=\"jCAhz ChMk0b\"><span class=\"ryNqvb\">Excavacions Ramon Roma S.L.<\/span><\/span> <span class=\"jCAhz ChMk0b\"><span class=\"ryNqvb\">es una empresa de origen familiar desde el a\u00f1o 1996, que empez\u00f3 con trabajos de movimientos de tierras y excavaciones en el terreno agr\u00edcola, expandi\u00e9ndose tambi\u00e9n en el sector de la obra p\u00fablica.<\/span><\/span><\/p>\n[\/vc_column_text][\/vc_column][vc_column width=\u00bb1\/2&#8243;][vc_column_text font_size=\u00bblg\u00bb]\n<p style=\"text-align: center;\"><span class=\"jCAhz ChMk0b\"><span class=\"ryNqvb\">Actualmente ofrece todo tipo de servicios de preparaci\u00f3n de terrenos para la construcci\u00f3n, colocaci\u00f3n de piedra de escollera, roturas, arreglo de caminos, zanjas y cunetas, nivelaciones de terrenos con gps, transformaci\u00f3n de \u00e1ridos con molino de impacto,<\/span><\/span> <span class=\"jCAhz ChMk0b\"><span class=\"ryNqvb\">transportes diversos, haciendo especial \u00e9nfasis en la gesti\u00f3n de vertederos.<\/span><\/span><\/p>\n[\/vc_column_text][\/vc_column][\/vc_row][vc_row full_width=\u00bbstretch_row_content_no_spaces\u00bb][vc_column css=\u00bb.vc_custom_1677603819240{margin-bottom: 0px !important;}\u00bb]<div class=\"vcex-image-grid-wrap\"><div class=\"vcex-module vcex-image-grid grid-style-no-margins wpex-row wpex-clr vcex-isotope-grid no-transition wpex-overflow-hidden vcex-no-margin-grid wpex-lightbox-group\" data-transition-duration=\"0.0\" data-thumbnails=\"false\" data-show_title=\"false\"><div class=\"id-521 vcex-image-grid-entry vcex-grid-item vcex-isotope-entry wpex-text-center vcex-no-margin-entry span_1_of_2 col col-1\"><figure class=\"vcex-image-grid-entry-figure wpex-last-mb-0 wpex-clr\"><div class=\"vcex-image-grid-entry-img entry-media wpex-relative overlay-parent overlay-parent-plus-three-hover wpex-overflow-hidden wpex-mb-20\"><a href=\"https:\/\/excavacionsrr.com\/wp-content\/uploads\/2023\/02\/2-1-1500x2000.jpg\" class=\"vcex-image-grid-entry-link wpex-lightbox-group-item\" data-thumbnails=\"false\" data-show_title=\"false\"><img data-no-lazy=\"1\" class=\"wpex-align-middle skip-lazy\" src=\"https:\/\/excavacionsrr.com\/wp-content\/uploads\/2023\/02\/2-1-800x600.jpg\" alt=\"\" width=\"800\" height=\"600\">\n<div class=\"overlay-plus-three-hover overlay-hide theme-overlay wpex-absolute wpex-inset-0 wpex-transition-all wpex-duration-300 wpex-text-accent wpex-flex wpex-items-center wpex-justify-center wpex-text-6xl\" aria-hidden=\"true\">\n\t<span class=\"overlay-bg wpex-bg-black wpex-block wpex-absolute wpex-inset-0 wpex-opacity-70\"><\/span>\n    <span class=\"overlay-content overlay-transform wpex-relative wpex-leading-none wpex-translate-y-50 wpex-transition-all wpex-duration-300 wpex-icon\" aria-hidden=\"true\"><svg xmlns=\"http:\/\/www.w3.org\/2000\/svg\" viewBox=\"0 0 512 512\"><path d=\"M256 512A256 256 0 1 0 256 0a256 256 0 1 0 0 512zM232 344V280H168c-13.3 0-24-10.7-24-24s10.7-24 24-24h64V168c0-13.3 10.7-24 24-24s24 10.7 24 24v64h64c13.3 0 24 10.7 24 24s-10.7 24-24 24H280v64c0 13.3-10.7 24-24 24s-24-10.7-24-24z\"\/><\/svg><\/span><\/div>\n<\/a><\/div><\/figure><\/div><div class=\"id-522 vcex-image-grid-entry vcex-grid-item vcex-isotope-entry wpex-text-center vcex-no-margin-entry span_1_of_2 col col-2\"><figure class=\"vcex-image-grid-entry-figure wpex-last-mb-0 wpex-clr\"><div class=\"vcex-image-grid-entry-img entry-media wpex-relative overlay-parent overlay-parent-plus-three-hover wpex-overflow-hidden wpex-mb-20\"><a href=\"https:\/\/excavacionsrr.com\/wp-content\/uploads\/2023\/02\/PHOTO-2022-02-15-12-40-24-1500x2000.jpg\" class=\"vcex-image-grid-entry-link wpex-lightbox-group-item\" data-thumbnails=\"false\" data-show_title=\"false\"><img data-no-lazy=\"1\" class=\"wpex-align-middle skip-lazy\" src=\"https:\/\/excavacionsrr.com\/wp-content\/uploads\/2023\/02\/PHOTO-2022-02-15-12-40-24-800x600.jpg\" alt=\"\" width=\"800\" height=\"600\">\n<div class=\"overlay-plus-three-hover overlay-hide theme-overlay wpex-absolute wpex-inset-0 wpex-transition-all wpex-duration-300 wpex-text-accent wpex-flex wpex-items-center wpex-justify-center wpex-text-6xl\" aria-hidden=\"true\">\n\t<span class=\"overlay-bg wpex-bg-black wpex-block wpex-absolute wpex-inset-0 wpex-opacity-70\"><\/span>\n    <span class=\"overlay-content overlay-transform wpex-relative wpex-leading-none wpex-translate-y-50 wpex-transition-all wpex-duration-300 wpex-icon\" aria-hidden=\"true\"><svg xmlns=\"http:\/\/www.w3.org\/2000\/svg\" viewBox=\"0 0 512 512\"><path d=\"M256 512A256 256 0 1 0 256 0a256 256 0 1 0 0 512zM232 344V280H168c-13.3 0-24-10.7-24-24s10.7-24 24-24h64V168c0-13.3 10.7-24 24-24s24 10.7 24 24v64h64c13.3 0 24 10.7 24 24s-10.7 24-24 24H280v64c0 13.3-10.7 24-24 24s-24-10.7-24-24z\"\/><\/svg><\/span><\/div>\n<\/a><\/div><\/figure><\/div><\/div><\/div>[\/vc_column][\/vc_row]\n<\/div>","protected":false},"excerpt":{"rendered":"<p>[vc_row full_width=\u00bbstretch_row\u00bb parallax=\u00bbcontent-moving\u00bb wpex_bg_overlay=\u00bbcolor\u00bb typography_style=\u00bblight\u00bb bg_style=\u00bbstretch\u00bb css=\u00bb.vc_custom_1677603527095{padding-top: 130px !important;padding-bottom: 100px !important;background: #0a0a0a url(https:\/\/excavacionsrr.com\/wp-content\/uploads\/2023\/02\/caps1.jpg?id=377);}\u00bb wpex_bg_overlay_opacity=\u00bb0.3&#8243;][vc_column][\/vc_column][\/vc_row][vc_row full_width=\u00bbstretch_row\u00bb css=\u00bb.vc_custom_1489611246294{padding-top: 60px !important;padding-bottom: 50px !important;background-color: #efefef !important;}\u00bb][vc_column width=\u00bb1\/2&#8243;][vc_column_text font_size=\u00bblg\u00bb] Excavacions Ramon Roma S.L. es una empresa de origen familiar desde el a\u00f1o 1996, que empez\u00f3 con trabajos de movimientos de tierras y excavaciones en el terreno agr\u00edcola, expandi\u00e9ndose tambi\u00e9n en&hellip;<\/p>\n","protected":false},"author":1,"featured_media":0,"parent":0,"menu_order":4,"comment_status":"closed","ping_status":"closed","template":"","meta":{"footnotes":""},"class_list":["post-617","page","type-page","status-publish","hentry","entry","no-media"],"_links":{"self":[{"href":"https:\/\/excavacionsrr.com\/es\/wp-json\/wp\/v2\/pages\/617","targetHints":{"allow":["GET"]}}],"collection":[{"href":"https:\/\/excavacionsrr.com\/es\/wp-json\/wp\/v2\/pages"}],"about":[{"href":"https:\/\/excavacionsrr.com\/es\/wp-json\/wp\/v2\/types\/page"}],"author":[{"embeddable":true,"href":"https:\/\/excavacionsrr.com\/es\/wp-json\/wp\/v2\/users\/1"}],"replies":[{"embeddable":true,"href":"https:\/\/excavacionsrr.com\/es\/wp-json\/wp\/v2\/comments?post=617"}],"version-history":[{"count":1,"href":"https:\/\/excavacionsrr.com\/es\/wp-json\/wp\/v2\/pages\/617\/revisions"}],"predecessor-version":[{"id":618,"href":"https:\/\/excavacionsrr.com\/es\/wp-json\/wp\/v2\/pages\/617\/revisions\/618"}],"wp:attachment":[{"href":"https:\/\/excavacionsrr.com\/es\/wp-json\/wp\/v2\/media?parent=617"}],"curies":[{"name":"wp","href":"https:\/\/api.w.org\/{rel}","templated":true}]}}